{"id":7,"date":"2025-07-19T06:03:00","date_gmt":"2025-07-19T06:03:00","guid":{"rendered":"https:\/\/mavexo.fun\/?page_id=7"},"modified":"2025-07-28T14:57:15","modified_gmt":"2025-07-28T14:57:15","slug":"ana-sayfa","status":"publish","type":"page","link":"https:\/\/mavexo.fun\/","title":{"rendered":"Home"},"content":{"rendered":"\t\t<div data-elementor-type=\"wp-post\" data-elementor-id=\"7\" class=\"elementor elementor-7\" data-elementor-post-type=\"page\">\n\t\t\t\t<div class=\"elementor-element elementor-element-10197db e-flex e-con-boxed e-con e-parent\" data-id=\"10197db\" data-element_type=\"container\">\n\t\t\t\t\t<div class=\"e-con-inner\">\n\t\t\t\t<div class=\"elementor-element elementor-element-4703818 elementor-widget elementor-widget-html\" data-id=\"4703818\" data-element_type=\"widget\" data-widget_type=\"html.default\">\n\t\t\t\t\t<style>\n  .lux-table-wrapper {\n    max-width: 1000px;\n    margin: 0 auto;\n    padding: 20px;\n    font-family: \"Georgia\", serif;\n    background: #1a1a1a;\n    border-radius: 15px;\n    box-shadow: 0 8px 24px rgba(0,0,0,0.5);\n    color: #f0e6d2;\n  }\n\n  .lux-table-wrapper a {\n    text-decoration: none;\n    color: inherit;\n  }\n\n  .lux-table-wrapper .lux-table-title {\n    text-align: center;\n    font-size: 32px;\n    font-weight: 700;\n    margin-bottom: 40px;\n    color: #d4af37;\n    text-shadow: 1px 1px 4px rgba(212,175,55,0.5);\n    letter-spacing: 2px;\n    font-family: \"Cinzel\", serif;\n  }\n\n  .lux-table-wrapper table {\n    width: 100%;\n    border-collapse: collapse;\n  }\n\n  .lux-table-wrapper tr {\n    border-bottom: 1px solid #444;\n    transition: background 0.3s ease;\n  }\n\n  .lux-table-wrapper tr:hover {\n    background: rgba(212,175,55,0.15);\n  }\n\n  .lux-table-wrapper td {\n    padding: 20px;\n    vertical-align: middle;\n    text-align: center;\n  }\n\n  .lux-table-wrapper img {\n    max-width: 50px;\n    height: auto;\n    border-radius: 8px;\n    transition: transform 0.3s ease;\n    cursor: pointer;\n    box-shadow: 0 0 8px rgba(212,175,55,0.6);\n  }\n\n  .lux-table-wrapper img:hover {\n    transform: scale(1.1);\n    box-shadow: 0 0 15px #d4af37;\n  }\n\n  .lux-table-wrapper .lux-desc {\n    display: block;\n    font-size: 18px;\n    font-weight: 600;\n    color: #f0e6d2;\n    animation: lux-pulse 3s infinite;\n    cursor: pointer;\n    transition: color 0.3s ease;\n    margin-bottom: 4px;\n  }\n\n  .lux-table-wrapper .lux-desc:hover {\n    color: #d4af37;\n    text-shadow: 0 0 8px #d4af37;\n  }\n\n  .lux-table-wrapper .lux-detail {\n    display: block;\n    font-size: 14px;\n    font-family: \"Arial\", sans-serif;\n    color: #ccc;\n    transition: color 0.3s ease;\n  }\n\n  .lux-table-wrapper .lux-detail:hover {\n    color: #f0e6d2;\n    text-decoration: none;\n  }\n\n  @keyframes lux-pulse {\n    0% { color: #d4af37; }\n    50% { color: #f0e6d2; }\n    100% { color: #d4af37; }\n  }\n\n  .lux-table-wrapper .lux-button {\n    background-color: #d4af37;\n    color: #1a1a1a;\n    padding: 12px 28px;\n    border-radius: 10px;\n    text-decoration: none;\n    font-weight: 600;\n    font-size: 13px;\n    letter-spacing: 1.2px;\n    box-shadow: 0 5px 15px rgba(212,175,55,0.5);\n    transition: background 0.4s, color 0.4s;\n    display: inline-block;\n  }\n\n  .lux-table-wrapper .lux-button:hover {\n    background-color: #f5e76e;\n    color: #111;\n    box-shadow: 0 0 20px #f5e76e;\n  }\n\n  @media (max-width: 768px) {\n    .lux-table-wrapper tr {\n      display: block;\n      margin-bottom: 25px;\n      border: 1px solid #444;\n      border-radius: 15px;\n      padding: 15px;\n    }\n\n    .lux-table-wrapper td {\n      display: block;\n      text-align: center;\n      padding: 10px 0;\n    }\n\n    .lux-table-wrapper img {\n      margin-bottom: 10px;\n    }\n\n    .lux-table-wrapper .lux-desc {\n      font-size: 20px;\n    }\n\n    .lux-table-wrapper .lux-detail {\n      font-size: 15px;\n    }\n\n    .lux-table-wrapper .lux-button {\n      width: 100%;\n      font-size: 17px;\n      padding: 16px 0;\n      box-sizing: border-box;\n    }\n  }\n<\/style>\n\n<div class=\"lux-table-wrapper\">\n  <div class=\"lux-table-title\">Edit\u00f6r\u00fcn Se\u00e7ti\u011fi \u00d6d\u00fcl Platformlar\u0131<\/div>\n  <table>\n    <tr>\n      <td><a href=\"https:\/\/t2m.io\/983333\"><img decoding=\"async\" src=\"http:\/\/mavexo.fun\/wp-content\/uploads\/2025\/07\/casival-4.jpg\" alt=\"Logo 1\" loading=\"lazy\"><\/a><\/td>\n      <td>\n        <a href=\"https:\/\/t2m.io\/983333\" class=\"lux-desc\">2000 TL Ho\u015f Geldin Avantaj\u0131<\/a>\n        <a href=\"https:\/\/t2m.io\/983333\" class=\"lux-detail\">%400 \u0130lk Kat\u0131l\u0131m Kampanyas\u0131 - G\u00fcnl\u00fck 777 \u00c7evrim Hakk\u0131<\/a>\n      <\/td>\n      <td><a href=\"https:\/\/t2m.io\/983333\" class=\"lux-button\" target=\"_blank\">\u00dcye Ol<\/a><\/td>\n    <\/tr>\n    <tr>\n      <td><a href=\"https:\/\/t2m.io\/983333\"><img decoding=\"async\" src=\"http:\/\/mavexo.fun\/wp-content\/uploads\/2025\/07\/casival-1.jpg\" alt=\"Logo 2\" loading=\"lazy\"><\/a><\/td>\n      <td>\n        <a href=\"https:\/\/t2m.io\/983333\" class=\"lux-desc\">1500 TL Giri\u015f Hediyesi<\/a>\n        <a href=\"https:\/\/t2m.io\/983333\" class=\"lux-detail\">%100 Kat\u0131l\u0131m \u00d6d\u00fcl\u00fc - Ekstra %175 Ho\u015f Geldin Destek Paketi<\/a>\n      <\/td>\n      <td><a href=\"https:\/\/t2m.io\/983333\" class=\"lux-button\" target=\"_blank\">\u00dcye Ol<\/a><\/td>\n    <\/tr>\n    <tr>\n      <td><a href=\"https:\/\/t2m.io\/fastmeta\"><img decoding=\"async\" src=\"http:\/\/mavexo.fun\/wp-content\/uploads\/2025\/07\/aktif-3.jpg\" alt=\"Logo 3\" loading=\"lazy\"><\/a><\/td>\n      <td>\n        <a href=\"https:\/\/t2m.io\/fastmeta\" class=\"lux-desc\">1300 TL Ba\u015flang\u0131\u00e7 Hediyesi<\/a>\n        <a href=\"https:\/\/t2m.io\/fastmeta\" class=\"lux-detail\">%300 Kat\u0131l\u0131m Kampanyas\u0131 + %100 Spor Alan\u0131 \u00d6zel F\u0131rsat\u0131<\/a>\n      <\/td>\n      <td><a href=\"https:\/\/t2m.io\/fastmeta\" class=\"lux-button\" target=\"_blank\">\u00dcye Ol<\/a><\/td>\n    <\/tr>\n    <tr>\n      <td><a href=\"https:\/\/t2m.io\/fastmeta\"><img decoding=\"async\" src=\"http:\/\/mavexo.fun\/wp-content\/uploads\/2025\/07\/aktif-2.jpg\" alt=\"Logo 4\" loading=\"lazy\"><\/a><\/td>\n      <td>\n        <a href=\"https:\/\/t2m.io\/fastmeta\" class=\"lux-desc\">2000 TL Hediye B\u00fct\u00e7esi<\/a>\n        <a href=\"https:\/\/t2m.io\/fastmeta\" class=\"lux-detail\">%100 \u00c7ark Deneyimi Kampanyas\u0131 + 500 \u00dccretsiz Deneme Hakk\u0131<\/a>\n      <\/td>\n      <td><a href=\"https:\/\/t2m.io\/fastmeta\" class=\"lux-button\" target=\"_blank\">\u00dcye Ol<\/a><\/td>\n    <\/tr>\n    <tr>\n      <td><a href=\"https:\/\/t2m.io\/aktifmeta\"><img decoding=\"async\" src=\"http:\/\/mavexo.fun\/wp-content\/uploads\/2025\/07\/aktif-1.jpg\" alt=\"Logo 5\" loading=\"lazy\"><\/a><\/td>\n      <td>\n        <a href=\"https:\/\/t2m.io\/aktifmeta\" class=\"lux-desc\">3000 TL Kazan\u0131m F\u0131rsat\u0131<\/a>\n        <a href=\"https:\/\/t2m.io\/aktifmeta\" class=\"lux-detail\">%200 Kat\u0131l\u0131m Ayr\u0131cal\u0131\u011f\u0131 - \u00dcyelere \u00d6zel<\/a>\n      <\/td>\n      <td><a href=\"https:\/\/t2m.io\/aktifmeta\" class=\"lux-button\" target=\"_blank\">\u00dcye Ol<\/a><\/td>\n    <\/tr>\n    <tr>\n      <td><a href=\"https:\/\/t2m.io\/fastmeta\"><img decoding=\"async\" src=\"http:\/\/mavexo.fun\/wp-content\/uploads\/2025\/07\/fast.jpg\" alt=\"Logo 6\" loading=\"lazy\"><\/a><\/td>\n      <td>\n        <a href=\"https:\/\/t2m.io\/fastmeta\" class=\"lux-desc\">2500 TL Giri\u015f Kuponu<\/a>\n        <a href=\"https:\/\/t2m.io\/fastmeta\" class=\"lux-detail\">Ekstra 100 \u00dccretsiz Deneme Hakk\u0131 + %300 Yeni \u00dcye Kampanyas\u0131<\/a>\n      <\/td>\n      <td><a href=\"https:\/\/t2m.io\/fastmeta\" class=\"lux-button\" target=\"_blank\">\u00dcye Ol<\/a><\/td>\n    <\/tr>\n  <\/table>\n<\/div>\n\t\t\t\t<\/div>\n\t\t\t\t\t<\/div>\n\t\t\t\t<\/div>\n\t\t\t\t<\/div>\n\t\t","protected":false},"excerpt":{"rendered":"<p>Edit\u00f6r\u00fcn Se\u00e7ti\u011fi \u00d6d\u00fcl Platformlar\u0131 2000 TL Ho\u015f Geldin Avantaj\u0131 %400 \u0130lk Kat\u0131l\u0131m Kampanyas\u0131 &#8211; G\u00fcnl\u00fck 777 \u00c7evrim Hakk\u0131 \u00dcye Ol 1500 TL Giri\u015f Hediyesi %100 Kat\u0131l\u0131m \u00d6d\u00fcl\u00fc &#8211; Ekstra %175 Ho\u015f Geldin Destek Paketi \u00dcye Ol 1300 TL Ba\u015flang\u0131\u00e7 Hediyesi %300 Kat\u0131l\u0131m Kampanyas\u0131 + %100 Spor Alan\u0131 \u00d6zel F\u0131rsat\u0131 \u00dcye Ol 2000 TL Hediye B\u00fct\u00e7esi [&hellip;]<\/p>\n","protected":false},"author":1,"featured_media":0,"parent":0,"menu_order":0,"comment_status":"closed","ping_status":"closed","template":"","meta":{"footnotes":""},"class_list":["post-7","page","type-page","status-publish","hentry"],"_links":{"self":[{"href":"https:\/\/mavexo.fun\/index.php\/wp-json\/wp\/v2\/pages\/7","targetHints":{"allow":["GET"]}}],"collection":[{"href":"https:\/\/mavexo.fun\/index.php\/wp-json\/wp\/v2\/pages"}],"about":[{"href":"https:\/\/mavexo.fun\/index.php\/wp-json\/wp\/v2\/types\/page"}],"author":[{"embeddable":true,"href":"https:\/\/mavexo.fun\/index.php\/wp-json\/wp\/v2\/users\/1"}],"replies":[{"embeddable":true,"href":"https:\/\/mavexo.fun\/index.php\/wp-json\/wp\/v2\/comments?post=7"}],"version-history":[{"count":90,"href":"https:\/\/mavexo.fun\/index.php\/wp-json\/wp\/v2\/pages\/7\/revisions"}],"predecessor-version":[{"id":189,"href":"https:\/\/mavexo.fun\/index.php\/wp-json\/wp\/v2\/pages\/7\/revisions\/189"}],"wp:attachment":[{"href":"https:\/\/mavexo.fun\/index.php\/wp-json\/wp\/v2\/media?parent=7"}],"curies":[{"name":"wp","href":"https:\/\/api.w.org\/{rel}","templated":true}]}}